{"id":3815,"date":"2025-08-15T10:47:53","date_gmt":"2025-08-15T13:47:53","guid":{"rendered":"https:\/\/altosur.com.ar\/?page_id=3815"},"modified":"2025-08-15T11:04:58","modified_gmt":"2025-08-15T14:04:58","slug":"non-destructive-testing-at-height","status":"publish","type":"page","link":"https:\/\/altosur.com.ar\/en\/non-destructive-testing-at-height\/","title":{"rendered":"Non-Destructive Testing at Height"},"content":{"rendered":"<div data-elementor-type=\"wp-page\" data-elementor-id=\"3815\" class=\"elementor elementor-3815\" data-elementor-post-type=\"page\">\n\t\t\t\t<div class=\"elementor-element elementor-element-e3eea5b e-flex e-con-boxed e-con e-parent\" data-id=\"e3eea5b\" data-element_type=\"container\">\n\t\t\t\t\t<div class=\"e-con-inner\">\n\t\t<div class=\"elementor-element elementor-element-00914f2 e-con-full e-flex e-con e-child\" data-id=\"00914f2\" data-element_type=\"container\">\n\t\t\t\t<div class=\"elementor-element elementor-element-efd7301 elementor-widget elementor-widget-heading\" data-id=\"efd7301\" data-element_type=\"widget\" data-widget_type=\"heading.default\">\n\t\t\t\t<div class=\"elementor-widget-container\">\n\t\t\t\t\t<h2 class=\"elementor-heading-title elementor-size-default\">Non-Destructive Testing at Height<\/h2>\t\t\t\t<\/div>\n\t\t\t\t<\/div>\n\t\t\t\t<\/div>\n\t\t\t\t\t<\/div>\n\t\t\t\t<\/div>\n\t\t<div class=\"elementor-element elementor-element-c18fee4 e-flex e-con-boxed e-con e-parent\" data-id=\"c18fee4\" data-element_type=\"container\">\n\t\t\t\t\t<div class=\"e-con-inner\">\n\t\t<div class=\"elementor-element elementor-element-0e06818 e-con-full e-flex e-con e-child\" data-id=\"0e06818\" data-element_type=\"container\">\n\t\t\t\t<div class=\"elementor-element elementor-element-059eff9 elementor-widget elementor-widget-image\" data-id=\"059eff9\" data-element_type=\"widget\" data-widget_type=\"image.default\">\n\t\t\t\t<div class=\"elementor-widget-container\">\n\t\t\t\t\t\t\t\t\t\t\t\t\t\t\t<img fetchpriority=\"high\" decoding=\"async\" width=\"461\" height=\"1024\" src=\"https:\/\/altosur.com.ar\/wp-content\/uploads\/2025\/08\/END-ALTURA-461x1024.jpg\" class=\"attachment-large size-large wp-image-3820\" alt=\"\" srcset=\"https:\/\/altosur.com.ar\/wp-content\/uploads\/2025\/08\/END-ALTURA-461x1024.jpg 461w, https:\/\/altosur.com.ar\/wp-content\/uploads\/2025\/08\/END-ALTURA-135x300.jpg 135w, https:\/\/altosur.com.ar\/wp-content\/uploads\/2025\/08\/END-ALTURA-691x1536.jpg 691w, https:\/\/altosur.com.ar\/wp-content\/uploads\/2025\/08\/END-ALTURA-5x12.jpg 5w, https:\/\/altosur.com.ar\/wp-content\/uploads\/2025\/08\/END-ALTURA.jpg 720w\" sizes=\"(max-width: 461px) 100vw, 461px\" \/>\t\t\t\t\t\t\t\t\t\t\t\t\t\t\t<\/div>\n\t\t\t\t<\/div>\n\t\t\t\t<\/div>\n\t\t<div class=\"elementor-element elementor-element-601caad e-con-full e-flex e-con e-child\" data-id=\"601caad\" data-element_type=\"container\">\n\t\t\t\t<div class=\"elementor-element elementor-element-0f1732d elementor-widget elementor-widget-text-editor\" data-id=\"0f1732d\" data-element_type=\"widget\" data-widget_type=\"text-editor.default\">\n\t\t\t\t<div class=\"elementor-widget-container\">\n\t\t\t\t\t\t\t\t\t<p>Inspecting critical assets in inaccessible locations requires highly efficient solutions. Altosur integrates certified Non-Destructive Testing inspectors with the agility and safety of rope access. We provide an accurate assessment of your facility&#039;s integrity without the costs, delays, and interference of traditional methods such as scaffolding or cranes.<\/p><h5>Pillars of Service:<\/h5><p>\u2013 Certified Security<br \/>Our technicians are dually qualified in rope access (IRATA\/SPRAT) and applied NDT methods, ensuring the highest level of rigor.<\/p><p>\u2013 Accurate Diagnosis<br \/>We apply advanced techniques (ultrasound, magnetic particles, penetrating liquids) to obtain reliable and conclusive data on the condition of your assets.<\/p><p>\u2013 Maximum Efficiency<br \/>We drastically reduce mobilization and execution times, minimizing downtime and optimizing plant shutdowns.<\/p><p>\u2013 Superior Profitability<br \/>We eliminate the high costs associated with renting and installing scaffolding, cranes, or lifting platforms, directly impacting your maintenance budget.<\/p><p>\u2013 Unlimited Access<br \/>We reach any point in complex geometries (reactors, pipes, spheres, chimneys), guaranteeing a complete inspection where other methods cannot reach.<\/p><h5>Main Services Section:<\/h5><p>We carry out inspections and tests at height for various sectors, highlighting:<\/p><ul><li>Ultrasonic thickness measurement (UTM) in pipes and vessels.<\/li><li>Crack detection (MT and PT) in welds and structural components.<\/li><li>High-definition technical visual inspection (VT).<\/li><li>Integrity control in steel structures, bridges and viaducts.<\/li><li>Evaluation of components in wind turbines and power plants.<\/li><li>Corrosion mapping in storage tanks and hulls.<\/li><\/ul>\t\t\t\t\t\t\t\t<\/div>\n\t\t\t\t<\/div>\n\t\t\t\t<div class=\"elementor-element elementor-element-21002c9 elementor-button-info elementor-widget elementor-widget-button\" data-id=\"21002c9\" data-element_type=\"widget\" data-widget_type=\"button.default\">\n\t\t\t\t<div class=\"elementor-widget-container\">\n\t\t\t\t\t\t\t\t\t<div class=\"elementor-button-wrapper\">\n\t\t\t\t\t<a class=\"elementor-button elementor-button-link elementor-size-sm\" href=\"https:\/\/api.whatsapp.com\/send?phone=5492944703584&#038;text=Quisiera%20informaci%C3%B3n%20sobre%20Inspeccion%20y%20Ensayos\" id=\"enda-button\">\n\t\t\t\t\t\t<span class=\"elementor-button-content-wrapper\">\n\t\t\t\t\t\t<span class=\"elementor-button-icon\">\n\t\t\t\t<i aria-hidden=\"true\" class=\"fab fa-whatsapp\"><\/i>\t\t\t<\/span>\n\t\t\t\t\t\t\t\t\t<span class=\"elementor-button-text\">Ask for information<\/span>\n\t\t\t\t\t<\/span>\n\t\t\t\t\t<\/a>\n\t\t\t\t<\/div>\n\t\t\t\t\t\t\t\t<\/div>\n\t\t\t\t<\/div>\n\t\t\t\t<\/div>\n\t\t\t\t\t<\/div>\n\t\t\t\t<\/div>\n\t\t<div class=\"elementor-element elementor-element-a0d27f9 e-flex e-con-boxed e-con e-parent\" data-id=\"a0d27f9\" data-element_type=\"container\">\n\t\t\t\t\t<div class=\"e-con-inner\">\n\t\t<div class=\"elementor-element elementor-element-5a266d4 e-con-full e-flex e-con e-child\" data-id=\"5a266d4\" data-element_type=\"container\">\n\t\t\t\t<div class=\"elementor-element elementor-element-7bb0210 elementor-widget elementor-widget-heading\" data-id=\"7bb0210\" data-element_type=\"widget\" data-widget_type=\"heading.default\">\n\t\t\t\t<div class=\"elementor-widget-container\">\n\t\t\t\t\t<h3 class=\"elementor-heading-title elementor-size-default\">All of our staff are certified in<\/h3>\t\t\t\t<\/div>\n\t\t\t\t<\/div>\n\t\t\t\t<\/div>\n\t\t\t\t\t<\/div>\n\t\t\t\t<\/div>\n\t\t<div class=\"elementor-element elementor-element-dbe45ba e-flex e-con-boxed e-con e-parent\" data-id=\"dbe45ba\" data-element_type=\"container\">\n\t\t\t\t\t<div class=\"e-con-inner\">\n\t\t<div class=\"elementor-element elementor-element-dfaa5ae e-con-full e-flex e-con e-child\" data-id=\"dfaa5ae\" data-element_type=\"container\">\n\t\t\t\t<div class=\"elementor-element elementor-element-ec1275d elementor-position-top elementor-widget elementor-widget-image-box\" data-id=\"ec1275d\" data-element_type=\"widget\" data-widget_type=\"image-box.default\">\n\t\t\t\t<div class=\"elementor-widget-container\">\n\t\t\t\t\t<div class=\"elementor-image-box-wrapper\"><figure class=\"elementor-image-box-img\"><img decoding=\"async\" width=\"268\" height=\"267\" src=\"https:\/\/altosur.com.ar\/wp-content\/uploads\/2022\/05\/AATTVAC.jpg\" class=\"attachment-full size-full wp-image-316\" alt=\"\" srcset=\"https:\/\/altosur.com.ar\/wp-content\/uploads\/2022\/05\/AATTVAC.jpg 268w, https:\/\/altosur.com.ar\/wp-content\/uploads\/2022\/05\/AATTVAC-150x150.jpg 150w, https:\/\/altosur.com.ar\/wp-content\/uploads\/2022\/05\/AATTVAC-100x100.jpg 100w\" sizes=\"(max-width: 268px) 100vw, 268px\" \/><\/figure><div class=\"elementor-image-box-content\"><h3 class=\"elementor-image-box-title\">AATTVAC<\/h3><p class=\"elementor-image-box-description\">AATTVAC Vertical Technician in Vertical Work and Rope Access<\/p><\/div><\/div>\t\t\t\t<\/div>\n\t\t\t\t<\/div>\n\t\t\t\t<\/div>\n\t\t<div class=\"elementor-element elementor-element-b598a50 e-con-full e-flex e-con e-child\" data-id=\"b598a50\" data-element_type=\"container\">\n\t\t\t\t<div class=\"elementor-element elementor-element-26a400f elementor-position-top elementor-widget elementor-widget-image-box\" data-id=\"26a400f\" data-element_type=\"widget\" data-widget_type=\"image-box.default\">\n\t\t\t\t<div class=\"elementor-widget-container\">\n\t\t\t\t\t<div class=\"elementor-image-box-wrapper\"><figure class=\"elementor-image-box-img\"><img decoding=\"async\" width=\"401\" height=\"182\" src=\"https:\/\/altosur.com.ar\/wp-content\/uploads\/2022\/05\/GWO.jpg\" class=\"elementor-animation-grow attachment-full size-full wp-image-317\" alt=\"\" srcset=\"https:\/\/altosur.com.ar\/wp-content\/uploads\/2022\/05\/GWO.jpg 401w, https:\/\/altosur.com.ar\/wp-content\/uploads\/2022\/05\/GWO-300x136.jpg 300w\" sizes=\"(max-width: 401px) 100vw, 401px\" \/><\/figure><div class=\"elementor-image-box-content\"><h3 class=\"elementor-image-box-title\">GWO<\/h3><p class=\"elementor-image-box-description\">Basic Safety Training: Basic Safety Training<\/p><\/div><\/div>\t\t\t\t<\/div>\n\t\t\t\t<\/div>\n\t\t\t\t<\/div>\n\t\t<div class=\"elementor-element elementor-element-9e8d9a1 e-con-full e-flex e-con e-child\" data-id=\"9e8d9a1\" data-element_type=\"container\">\n\t\t\t\t<div class=\"elementor-element elementor-element-e74dcab elementor-position-top elementor-widget elementor-widget-image-box\" data-id=\"e74dcab\" data-element_type=\"widget\" data-widget_type=\"image-box.default\">\n\t\t\t\t<div class=\"elementor-widget-container\">\n\t\t\t\t\t<div class=\"elementor-image-box-wrapper\"><figure class=\"elementor-image-box-img\"><img loading=\"lazy\" decoding=\"async\" width=\"270\" height=\"271\" src=\"https:\/\/altosur.com.ar\/wp-content\/uploads\/2022\/05\/Trauma.jpg\" class=\"attachment-full size-full wp-image-318\" alt=\"\" srcset=\"https:\/\/altosur.com.ar\/wp-content\/uploads\/2022\/05\/Trauma.jpg 270w, https:\/\/altosur.com.ar\/wp-content\/uploads\/2022\/05\/Trauma-150x150.jpg 150w, https:\/\/altosur.com.ar\/wp-content\/uploads\/2022\/05\/Trauma-100x100.jpg 100w\" sizes=\"(max-width: 270px) 100vw, 270px\" \/><\/figure><div class=\"elementor-image-box-content\"><h3 class=\"elementor-image-box-title\">Prehospital care<\/h3><p class=\"elementor-image-box-description\">Prehospital care, trauma, resuscitation and first aid<\/p><\/div><\/div>\t\t\t\t<\/div>\n\t\t\t\t<\/div>\n\t\t\t\t<\/div>\n\t\t\t\t\t<\/div>\n\t\t\t\t<\/div>\n\t\t\t\t<\/div>","protected":false},"excerpt":{"rendered":"<p>Ensayos No Destructivos en Altura La inspecci\u00f3n de activos cr\u00edticos en puntos inaccesibles exige soluciones de m\u00e1xima eficiencia. Altosur integra inspectores certificados en Ensayos No Destructivos con la agilidad y seguridad del acceso por cuerdas. Obtenemos un diagn\u00f3stico preciso de la integridad de sus instalaciones sin los costos, demoras e interferencias de los m\u00e9todos tradicionales [&hellip;]<\/p>","protected":false},"author":2,"featured_media":0,"parent":0,"menu_order":0,"comment_status":"closed","ping_status":"closed","template":"","meta":{"_acf_changed":false,"footnotes":""},"class_list":["post-3815","page","type-page","status-publish","hentry"],"acf":[],"_links":{"self":[{"href":"https:\/\/altosur.com.ar\/en\/wp-json\/wp\/v2\/pages\/3815","targetHints":{"allow":["GET"]}}],"collection":[{"href":"https:\/\/altosur.com.ar\/en\/wp-json\/wp\/v2\/pages"}],"about":[{"href":"https:\/\/altosur.com.ar\/en\/wp-json\/wp\/v2\/types\/page"}],"author":[{"embeddable":true,"href":"https:\/\/altosur.com.ar\/en\/wp-json\/wp\/v2\/users\/2"}],"replies":[{"embeddable":true,"href":"https:\/\/altosur.com.ar\/en\/wp-json\/wp\/v2\/comments?post=3815"}],"version-history":[{"count":0,"href":"https:\/\/altosur.com.ar\/en\/wp-json\/wp\/v2\/pages\/3815\/revisions"}],"wp:attachment":[{"href":"https:\/\/altosur.com.ar\/en\/wp-json\/wp\/v2\/media?parent=3815"}],"curies":[{"name":"wp","href":"https:\/\/api.w.org\/{rel}","templated":true}]}}